{"id":13,"date":"2023-01-30T13:43:17","date_gmt":"2023-01-30T13:43:17","guid":{"rendered":"http:\/\/s732254885.online.de\/?page_id=13"},"modified":"2023-03-27T07:59:32","modified_gmt":"2023-03-27T07:59:32","slug":"drk-ortsverein-rangendingen","status":"publish","type":"page","link":"http:\/\/s732254885.online.de\/?page_id=13","title":{"rendered":"DRK-Ortsverein Rangendingen"},"content":{"rendered":"\n<h2 class=\"wp-block-heading\">Der Ortsverein Rangendingen<\/h2>\n\n\n\n<figure class=\"wp-block-gallery has-nested-images columns-default is-cropped wp-block-gallery-1 is-layout-flex wp-block-gallery-is-layout-flex\">\n<figure class=\"wp-block-image size-large\"><img loading=\"lazy\" decoding=\"async\" width=\"1024\" height=\"683\" data-id=\"55\" src=\"http:\/\/s732254885.online.de\/wp-content\/uploads\/2023\/03\/11032598_941076109246660_3782300425691784965_o-1024x683.jpeg\" alt=\"\" class=\"wp-image-55\" srcset=\"http:\/\/s732254885.online.de\/wp-content\/uploads\/2023\/03\/11032598_941076109246660_3782300425691784965_o-1024x683.jpeg 1024w, http:\/\/s732254885.online.de\/wp-content\/uploads\/2023\/03\/11032598_941076109246660_3782300425691784965_o-300x200.jpeg 300w, http:\/\/s732254885.online.de\/wp-content\/uploads\/2023\/03\/11032598_941076109246660_3782300425691784965_o-768x512.jpeg 768w, http:\/\/s732254885.online.de\/wp-content\/uploads\/2023\/03\/11032598_941076109246660_3782300425691784965_o-1536x1024.jpeg 1536w, http:\/\/s732254885.online.de\/wp-content\/uploads\/2023\/03\/11032598_941076109246660_3782300425691784965_o.jpeg 2048w\" sizes=\"auto, (max-width: 1024px) 100vw, 1024px\" \/><\/figure>\n\n\n\n<figure class=\"wp-block-image size-large\"><img loading=\"lazy\" decoding=\"async\" width=\"960\" height=\"720\" data-id=\"56\" src=\"http:\/\/s732254885.online.de\/wp-content\/uploads\/2023\/03\/13133231_1141704465850489_2460099261496282073_n.jpeg\" alt=\"\" class=\"wp-image-56\" srcset=\"http:\/\/s732254885.online.de\/wp-content\/uploads\/2023\/03\/13133231_1141704465850489_2460099261496282073_n.jpeg 960w, http:\/\/s732254885.online.de\/wp-content\/uploads\/2023\/03\/13133231_1141704465850489_2460099261496282073_n-300x225.jpeg 300w, http:\/\/s732254885.online.de\/wp-content\/uploads\/2023\/03\/13133231_1141704465850489_2460099261496282073_n-768x576.jpeg 768w, http:\/\/s732254885.online.de\/wp-content\/uploads\/2023\/03\/13133231_1141704465850489_2460099261496282073_n-360x270.jpeg 360w\" sizes=\"auto, (max-width: 960px) 100vw, 960px\" \/><\/figure>\n<\/figure>\n\n\n\n<p><\/p>\n\n\n\n<p>Der DRK-Ortsverein Rangendingen wurde am 29.11.2011 gegr\u00fcndet. Zur Zeit besteht unser Ortsverein aus einer aktiven Bereitschaft mit 14 Mitgliedern. Wir engagieren uns vor allem im sozialen Bereich, im Sanit\u00e4tsdienst sowie in der humanit\u00e4ren Hilfe und im Katastrophenschutz.<\/p>\n\n\n\n<p>Unsere Aktivit\u00e4ten sind vielf\u00e4ltig. Drei Mal pro Jahr k\u00f6nnen Sie bei uns Blut spenden. Neben der Betreuung und Begleitung von Senioren sammeln wir im Fr\u00fchjahr und im Herbst Textilien f\u00fcr Hilfebed\u00fcrftige.<\/p>\n\n\n\n<p>Eine wichtige Aufgabe unseres Vereins ist die Rettung und Versorgung von Menschen in Notsituation. Daf\u00fcr bilden wir Rettungskr\u00e4fte aus und bereiten uns&nbsp;auf den Notfall vor. Gerne stellen wir auch die medizinische Versorgung auf Ihrer Veranstaltung sicher &#8211; mit unserem Sanit\u00e4tsdienst.<\/p>\n\n\n\n<figure class=\"wp-block-image size-large\"><img loading=\"lazy\" decoding=\"async\" width=\"1024\" height=\"722\" src=\"http:\/\/s732254885.online.de\/wp-content\/uploads\/2023\/03\/56614127_2324779264209664_3530682856428797952_n-1024x722.jpeg\" alt=\"\" class=\"wp-image-89\" srcset=\"http:\/\/s732254885.online.de\/wp-content\/uploads\/2023\/03\/56614127_2324779264209664_3530682856428797952_n-1024x722.jpeg 1024w, http:\/\/s732254885.online.de\/wp-content\/uploads\/2023\/03\/56614127_2324779264209664_3530682856428797952_n-300x212.jpeg 300w, http:\/\/s732254885.online.de\/wp-content\/uploads\/2023\/03\/56614127_2324779264209664_3530682856428797952_n-768x541.jpeg 768w, http:\/\/s732254885.online.de\/wp-content\/uploads\/2023\/03\/56614127_2324779264209664_3530682856428797952_n.jpeg 1200w\" sizes=\"auto, (max-width: 1024px) 100vw, 1024px\" \/><\/figure>\n\n\n\n<p><\/p>\n\n\n\n<p>Die Arbeit unserer Helfer ist ehrenamtlich und wird meist abends oder am Wochenende gemacht. M\u00f6chten Sie sich zusammen mit uns engagieren? Sprechen Sie uns an, wir freuen uns auf Sie.<\/p>\n\n\n\n<p>Ein DRK Ortsverein ist die kleinste organisatorische Einheit des DRK und bildet die Basis f\u00fcr die vielf\u00e4ltigen Aufgaben und Angebote des Roten Kreuzes vor Ort. Ein Ortsverein besteht aus ehrenamtlichen Mitgliedern, die sich in verschiedenen Gemeinschaften engagieren, wie zum Beispiel der Bereitschaft, dem Jugendrotkreuz oder dem Wohlfahrts- und Sozialwerk.<\/p>\n\n\n\n<p>Die Aufgaben eines DRK Ortsvereins sind sehr breit gef\u00e4chert und umfassen unter anderem:<\/p>\n\n\n\n<p>&#8211; Die Durchf\u00fchrung von Sanit\u00e4tsdiensten bei Veranstaltungen oder Notf\u00e4llen<\/p>\n\n\n\n<p>&#8211; Die Mitwirkung im Katastrophenschutz und im Zivilschutz<\/p>\n\n\n\n<p>&#8211; Die Ausbildung von Ersthelfern und Rettungskr\u00e4ften<\/p>\n\n\n\n<p>&#8211; Die Betreuung von Blutspendern und Blutspendeaktionen<\/p>\n\n\n\n<p>&#8211; Die Unterst\u00fctzung von hilfsbed\u00fcrftigen Menschen im Alltag oder in Krisensituationen<\/p>\n\n\n\n<p>&#8211; Die F\u00f6rderung von sozialer Integration und interkulturellem Austausch<\/p>\n\n\n\n<p>&#8211; Die Vermittlung von humanit\u00e4ren Werten und Rotkreuzgrunds\u00e4tzen<\/p>\n\n\n\n<p>Ein DRK Ortsverein ist somit ein wichtiger Akteur f\u00fcr das Gemeinwohl und das soziale Miteinander in seiner Region. Er bietet seinen Mitgliedern vielf\u00e4ltige M\u00f6glichkeiten zur pers\u00f6nlichen Weiterentwicklung, zur Mitgestaltung des Verbandes und zur Erf\u00fcllung einer sinnvollen Aufgabe.<\/p>\n\n\n\n<p>Wenn Sie mehr \u00fcber die Arbeit eines DRK Ortsvereins erfahren oder sich selbst engagieren m\u00f6chten, erfahren SIe mehr auf dieser Homepage.<\/p>\n\n\n\n<div style=\"height:100px\" aria-hidden=\"true\" class=\"wp-block-spacer\"><\/div>\n\n\n\n<h2 class=\"wp-block-heading\">Die Bereitschaft Rangendingen<\/h2>\n\n\n\n<figure class=\"wp-block-gallery has-nested-images columns-default is-cropped wp-block-gallery-2 is-layout-flex wp-block-gallery-is-layout-flex\">\n<figure class=\"wp-block-image size-large\"><img loading=\"lazy\" decoding=\"async\" width=\"1024\" height=\"1024\" data-id=\"58\" src=\"http:\/\/s732254885.online.de\/wp-content\/uploads\/2023\/03\/grid_0.png\" alt=\"\" class=\"wp-image-58\" srcset=\"http:\/\/s732254885.online.de\/wp-content\/uploads\/2023\/03\/grid_0.png 1024w, http:\/\/s732254885.online.de\/wp-content\/uploads\/2023\/03\/grid_0-300x300.png 300w, http:\/\/s732254885.online.de\/wp-content\/uploads\/2023\/03\/grid_0-150x150.png 150w, http:\/\/s732254885.online.de\/wp-content\/uploads\/2023\/03\/grid_0-768x768.png 768w, http:\/\/s732254885.online.de\/wp-content\/uploads\/2023\/03\/grid_0-500x500.png 500w\" sizes=\"auto, (max-width: 1024px) 100vw, 1024px\" \/><\/figure>\n\n\n\n<figure class=\"wp-block-image size-large\"><img loading=\"lazy\" decoding=\"async\" width=\"1024\" height=\"1024\" data-id=\"59\" src=\"http:\/\/s732254885.online.de\/wp-content\/uploads\/2023\/03\/grid_0-1.png\" alt=\"\" class=\"wp-image-59\" srcset=\"http:\/\/s732254885.online.de\/wp-content\/uploads\/2023\/03\/grid_0-1.png 1024w, http:\/\/s732254885.online.de\/wp-content\/uploads\/2023\/03\/grid_0-1-300x300.png 300w, http:\/\/s732254885.online.de\/wp-content\/uploads\/2023\/03\/grid_0-1-150x150.png 150w, http:\/\/s732254885.online.de\/wp-content\/uploads\/2023\/03\/grid_0-1-768x768.png 768w, http:\/\/s732254885.online.de\/wp-content\/uploads\/2023\/03\/grid_0-1-500x500.png 500w\" sizes=\"auto, (max-width: 1024px) 100vw, 1024px\" \/><\/figure>\n<\/figure>\n\n\n\n<p><\/p>\n\n\n\n<p>Eine DRK Bereitschaft ist eine ehrenamtliche Gemeinschaft des Deutschen Roten Kreuzes, die sich f\u00fcr Menschen in Notlagen einsetzt. Sie ist auf verschiedene Fachdienste spezialisiert, wie Sanit\u00e4tsdienst, Betreuungsdienst, Technik und Sicherheit oder Information und Kommunikation. Eine DRK Bereitschaft kann bei Gro\u00dfschadenslagen oder Katastrophen im In- und Ausland Hilfe leisten. Sie unterst\u00fctzt auch den Rettungsdienst, die Blutspende und die sozialen Dienste des DRK.<\/p>\n\n\n\n<p>Die Arbeit einer DRK Bereitschaft<\/p>\n\n\n\n<p>Eine DRK Bereitschaft besteht aus ehrenamtlichen Helferinnen und Helfern ab 16 Jahren, die sich regelm\u00e4\u00dfig zu Ausbildungen, \u00dcbungen und Eins\u00e4tzen treffen. Die Mitglieder einer Bereitschaft werden je nach ihren Interessen und F\u00e4higkeiten in einem oder mehreren Fachdiensten ausgebildet. Die Fachdienste sind:<\/p>\n\n\n\n<p>&#8211; Sanit\u00e4tsdienst: Er versorgt Verletzte und Erkrankte bei einem Massenanfall von Verletzten oder einer Gro\u00dfschadenslage. Er richtet Behandlungspl\u00e4tze ein und transportiert Patienten zum Rettungsmittelhalteplatz oder ins Krankenhaus. Er arbeitet eng mit dem Rettungsdienst zusammen. Zum Sanit\u00e4tsdienst geh\u00f6ren auch die Rettungshundestaffeln des DRK, die nach Versch\u00fctteten suchen.<\/p>\n\n\n\n<p>&#8211; Betreuungsdienst: Er versorgt und betreut Betroffene bei einem Ungl\u00fccksfall oder einer Katastrophe. Er stellt Notunterk\u00fcnfte, Mahlzeiten und Kleidung bereit. Er bietet psychosoziale Unterst\u00fctzung f\u00fcr Betroffene und Einsatzkr\u00e4fte an.<\/p>\n\n\n\n<p>&#8211; Technik und Sicherheit: Er sorgt f\u00fcr die technische Infrastruktur bei einem Einsatz. Er baut Zelte, Beleuchtung oder Stromversorgung auf. Er \u00fcbernimmt logistische Aufgaben wie Transport oder Materialverwaltung. Er gew\u00e4hrleistet die Sicherheit der Einsatzkr\u00e4fte.<\/p>\n\n\n\n<p>&#8211; Information und Kommunikation: Er stellt die Kommunikation zwischen den Einsatzkr\u00e4ften sicher. Er nutzt Funkger\u00e4te, Telefone oder Computer zur \u00dcbermittlung von Informationen. Er dokumentiert den Einsatzverlauf.<\/p>\n\n\n\n<p>&#8211; Soziale Dienste: Sie unterst\u00fctzen Menschen in sozialen Notlagen oder mit besonderem Betreuungsbedarf. Sie bieten Besuchsdienste, Seniorenarbeit oder Hausnotruf an.<\/p>\n\n\n\n<p>&#8211; Rotkreuzarbeit: Sie f\u00f6rdert das humanit\u00e4re V\u00f6lkerrecht und das Rotkreuzwissen. Sie organisiert Veranstaltungen zur \u00d6ffentlichkeitsarbeit oder zur Mitgliederwerbung.<\/p>\n\n\n\n<p>Die Ausbildung einer DRK Bereitschaft<\/p>\n\n\n\n<p>Um Mitglied einer DRK Bereitschaft zu werden, muss man zun\u00e4chst einen Grundkurs absolvieren, der einen \u00dcberblick \u00fcber das Deutsche Rote Kreuz gibt. Danach kann man sich je nach Fachdienst weiterqualifizieren lassen. Die Ausbildung umfasst theoretische Inhalte sowie praktische \u00dcbungen zu verschiedenen Themen wie:<\/p>\n\n\n\n<p>&#8211; Erste Hilfe<\/p>\n\n\n\n<p>&#8211; Sanit\u00e4tslehre<\/p>\n\n\n\n<p>&#8211; Betreuungslehre<\/p>\n\n\n\n<p>&#8211; Techniklehre<\/p>\n\n\n\n<p>&#8211; Funklehre<\/p>\n\n\n\n<p>&#8211; F\u00fchrungskr\u00e4fteausbildung<\/p>\n\n\n\n<p>Die Ausbildung wird von erfahrenen Ausbildern durchgef\u00fchrt und orientiert sich an den aktuellen Standards des Deutschen Roten Kreuzes.<\/p>\n\n\n\n<p>Die Eins\u00e4tze einer DRK Bereitschaft<\/p>\n\n\n\n<p>Eine DRK Bereitschaft kann jederzeit zu einem Einsatz alarmiert werden. Dies kann durch eine Anforderung von Beh\u00f6rden wie Feuerwehr oder Polizei geschehen oder durch eine Eigeninitiative des DRK bei einem erkannten Bedarf vor Ort.<\/p>\n\n\n\n<p>Die Eins\u00e4tze k\u00f6nnen sehr unterschiedlich sein: von der Absicherung eines Stra\u00dfenfestes \u00fcber die Versorgung von Fl\u00fcchtlingen bis hin zur Hilfeleistung bei einem Erdbeben im Ausland.<\/p>\n\n\n\n<p>Bei jedem Einsatz arbeitet eine DRK Bereitschaft mit anderen Organisationen zusammen.<\/p>\n","protected":false},"excerpt":{"rendered":"<p>Der Ortsverein Rangendingen Der DRK-Ortsverein Rangendingen wurde am 29.11.2011 gegr\u00fcndet. Zur Zeit besteht unser Ortsverein aus einer aktiven Bereitschaft mit 14 Mitgliedern. Wir engagieren uns vor allem im sozialen Bereich, im Sanit\u00e4tsdienst sowie in der humanit\u00e4ren Hilfe und im Katastrophenschutz. [&hellip;]<\/p>\n","protected":false},"author":1,"featured_media":102,"parent":0,"menu_order":0,"comment_status":"closed","ping_status":"closed","template":"","meta":{"footnotes":""},"class_list":["post-13","page","type-page","status-publish","has-post-thumbnail","hentry"],"_links":{"self":[{"href":"http:\/\/s732254885.online.de\/index.php?rest_route=\/wp\/v2\/pages\/13","targetHints":{"allow":["GET"]}}],"collection":[{"href":"http:\/\/s732254885.online.de\/index.php?rest_route=\/wp\/v2\/pages"}],"about":[{"href":"http:\/\/s732254885.online.de\/index.php?rest_route=\/wp\/v2\/types\/page"}],"author":[{"embeddable":true,"href":"http:\/\/s732254885.online.de\/index.php?rest_route=\/wp\/v2\/users\/1"}],"replies":[{"embeddable":true,"href":"http:\/\/s732254885.online.de\/index.php?rest_route=%2Fwp%2Fv2%2Fcomments&post=13"}],"version-history":[{"count":7,"href":"http:\/\/s732254885.online.de\/index.php?rest_route=\/wp\/v2\/pages\/13\/revisions"}],"predecessor-version":[{"id":90,"href":"http:\/\/s732254885.online.de\/index.php?rest_route=\/wp\/v2\/pages\/13\/revisions\/90"}],"wp:featuredmedia":[{"embeddable":true,"href":"http:\/\/s732254885.online.de\/index.php?rest_route=\/wp\/v2\/media\/102"}],"wp:attachment":[{"href":"http:\/\/s732254885.online.de\/index.php?rest_route=%2Fwp%2Fv2%2Fmedia&parent=13"}],"curies":[{"name":"wp","href":"https:\/\/api.w.org\/{rel}","templated":true}]}}