{"id":83,"date":"2023-03-26T12:30:29","date_gmt":"2023-03-26T12:30:29","guid":{"rendered":"http:\/\/s732254885.online.de\/?page_id=83"},"modified":"2023-03-26T12:30:50","modified_gmt":"2023-03-26T12:30:50","slug":"sanitaetswachdienst","status":"publish","type":"page","link":"http:\/\/s732254885.online.de\/?page_id=83","title":{"rendered":"Sanit\u00e4tswachdienst"},"content":{"rendered":"\n<figure class=\"wp-block-image size-large\"><img loading=\"lazy\" decoding=\"async\" width=\"764\" height=\"1024\" src=\"http:\/\/s732254885.online.de\/wp-content\/uploads\/2023\/03\/31489922_1836843559669906_3475072470283714560_n-764x1024.jpeg\" alt=\"\" class=\"wp-image-85\" srcset=\"http:\/\/s732254885.online.de\/wp-content\/uploads\/2023\/03\/31489922_1836843559669906_3475072470283714560_n-764x1024.jpeg 764w, http:\/\/s732254885.online.de\/wp-content\/uploads\/2023\/03\/31489922_1836843559669906_3475072470283714560_n-224x300.jpeg 224w, http:\/\/s732254885.online.de\/wp-content\/uploads\/2023\/03\/31489922_1836843559669906_3475072470283714560_n-768x1029.jpeg 768w, http:\/\/s732254885.online.de\/wp-content\/uploads\/2023\/03\/31489922_1836843559669906_3475072470283714560_n-1146x1536.jpeg 1146w, http:\/\/s732254885.online.de\/wp-content\/uploads\/2023\/03\/31489922_1836843559669906_3475072470283714560_n.jpeg 1504w\" sizes=\"auto, (max-width: 764px) 100vw, 764px\" \/><\/figure>\n\n\n\n<p>In diesem Blogbeitrag m\u00f6chte ich Ihnen den Sanit\u00e4tswachdienst des Deutschen Roten Kreuzes (DRK) vorstellen. Der Sanit\u00e4tswachdienst ist eine wichtige Aufgabe der ehrenamtlichen Helferinnen und Helfer des DRK, die bei Veranstaltungen wie Konzerten, Sportereignissen oder Festen f\u00fcr die medizinische Erstversorgung von Verletzten oder Erkrankten sorgen.<\/p>\n\n\n\n<p>Der Sanit\u00e4tswachdienst ist ein geplanter Einsatz, der im Vorfeld mit dem Veranstalter abgestimmt wird. Dabei werden die Anzahl und Qualifikation der Einsatzkr\u00e4fte sowie die erforderliche Ausr\u00fcstung und Fahrzeuge festgelegt. Die Einsatzkr\u00e4fte des Sanit\u00e4tswachdienstes sind sorgf\u00e4ltig ausgebildet und werden regelm\u00e4\u00dfig fortgebildet. Sie verf\u00fcgen \u00fcber Kenntnisse in Erster Hilfe, Notfallmedizin und Rettungstechnik.<\/p>\n\n\n\n<p>Der Sanit\u00e4tswachdienst gliedert sich in verschiedene Unterabschnitte: Die Erstversorgung umfasst die Suche, Betreuung und Behandlung von Patienten an der Schadensstelle. Die Transportorganisation koordiniert den Abtransport von Patienten zum Behandlungsplatz oder ins Krankenhaus. Der Behandlungsplatz ist eine Einrichtung zur weiteren Versorgung von Patienten mit unterschiedlichen Verletzungsmustern oder Erkrankungen. Der Rettungsmittelhalteplatz ist ein Ort zur Bereitstellung von Rettungsfahrzeugen f\u00fcr den Patiententransport.<\/p>\n\n\n\n<p>Der Sanit\u00e4tswachdienst kann auch bei besonderen Situationen wie Massenanf\u00e4llen von Verletzten oder Katastrophen eingesetzt werden. In diesem Fall unterst\u00fctzt er den Rettungsdienst des DRK bei der Gefahrenabwehr. Der Sanit\u00e4tswachdienst hat somit eine wichtige Funktion in der DRK-Katastrophen-vorsorge.<\/p>\n\n\n\n<p>Der Sanit\u00e4tswachdienst ist ein Beispiel f\u00fcr das Engagement und die Kompetenz der freiwilligen Helferinnen und Helfer des DRK, die sich f\u00fcr das Wohl ihrer Mitmenschen einsetzen. Wenn Sie mehr \u00fcber den Sanit\u00e4tswachdienst erfahren oder selbst aktiv werden m\u00f6chten, nehmen sie Kontakt mit uns auf.<\/p>\n\n\n","protected":false},"excerpt":{"rendered":"<p>In diesem Blogbeitrag m\u00f6chte ich Ihnen den Sanit\u00e4tswachdienst des Deutschen Roten Kreuzes (DRK) vorstellen. Der Sanit\u00e4tswachdienst ist eine wichtige Aufgabe der ehrenamtlichen Helferinnen und Helfer des DRK, die bei Veranstaltungen wie Konzerten, Sportereignissen oder Festen f\u00fcr die medizinische Erstversorgung von [&hellip;]<\/p>\n","protected":false},"author":1,"featured_media":0,"parent":0,"menu_order":0,"comment_status":"closed","ping_status":"closed","template":"","meta":{"footnotes":""},"class_list":["post-83","page","type-page","status-publish","hentry"],"_links":{"self":[{"href":"http:\/\/s732254885.online.de\/index.php?rest_route=\/wp\/v2\/pages\/83","targetHints":{"allow":["GET"]}}],"collection":[{"href":"http:\/\/s732254885.online.de\/index.php?rest_route=\/wp\/v2\/pages"}],"about":[{"href":"http:\/\/s732254885.online.de\/index.php?rest_route=\/wp\/v2\/types\/page"}],"author":[{"embeddable":true,"href":"http:\/\/s732254885.online.de\/index.php?rest_route=\/wp\/v2\/users\/1"}],"replies":[{"embeddable":true,"href":"http:\/\/s732254885.online.de\/index.php?rest_route=%2Fwp%2Fv2%2Fcomments&post=83"}],"version-history":[{"count":2,"href":"http:\/\/s732254885.online.de\/index.php?rest_route=\/wp\/v2\/pages\/83\/revisions"}],"predecessor-version":[{"id":86,"href":"http:\/\/s732254885.online.de\/index.php?rest_route=\/wp\/v2\/pages\/83\/revisions\/86"}],"wp:attachment":[{"href":"http:\/\/s732254885.online.de\/index.php?rest_route=%2Fwp%2Fv2%2Fmedia&parent=83"}],"curies":[{"name":"wp","href":"https:\/\/api.w.org\/{rel}","templated":true}]}}